{"id":8,"date":"2024-08-01T16:10:11","date_gmt":"2024-08-01T14:10:11","guid":{"rendered":"https:\/\/villa-michele.com\/?page_id=8"},"modified":"2024-08-14T15:35:22","modified_gmt":"2024-08-14T13:35:22","slug":"apropos","status":"publish","type":"page","link":"https:\/\/villa-michele.com\/","title":{"rendered":"A propos"},"content":{"rendered":"\t\t<div data-elementor-type=\"wp-page\" data-elementor-id=\"8\" class=\"elementor elementor-8\">\n\t\t\t\t<div class=\"elementor-element elementor-element-a0db8f8 e-grid e-con-boxed wpr-particle-no wpr-jarallax-no wpr-parallax-no wpr-sticky-section-no e-con e-parent\" data-id=\"a0db8f8\" data-element_type=\"container\">\n\t\t\t\t\t<div class=\"e-con-inner\">\n\t\t\t\t<div class=\"elementor-element elementor-element-3d8e4b7 elementor-widget elementor-widget-text-editor\" data-id=\"3d8e4b7\" data-element_type=\"widget\" data-widget_type=\"text-editor.default\">\n\t\t\t\t<div class=\"elementor-widget-container\">\n\t\t\t<style>\/*! elementor - v3.23.0 - 05-08-2024 *\/\n.elementor-widget-text-editor.elementor-drop-cap-view-stacked .elementor-drop-cap{background-color:#69727d;color:#fff}.elementor-widget-text-editor.elementor-drop-cap-view-framed .elementor-drop-cap{color:#69727d;border:3px solid;background-color:transparent}.elementor-widget-text-editor:not(.elementor-drop-cap-view-default) .elementor-drop-cap{margin-top:8px}.elementor-widget-text-editor:not(.elementor-drop-cap-view-default) .elementor-drop-cap-letter{width:1em;height:1em}.elementor-widget-text-editor .elementor-drop-cap{float:left;text-align:center;line-height:1;font-size:50px}.elementor-widget-text-editor .elementor-drop-cap-letter{display:inline-block}<\/style>\t\t\t\t<p><img decoding=\"async\" class=\"size-full wp-image-1144 aligncenter\" src=\"https:\/\/villa-michele.com\/wp-content\/uploads\/2024\/08\/flag-icon-fr-small.png\" alt=\"\" width=\"64\" height=\"64\" \/><\/p>\n<p>La Villa Mich\u00e8le propose des appartements \u00e0 louer meubl\u00e9s dans le cadre hors du temps des bords de l&rsquo;Eure et du centre historique de Chartres.<\/p>\n<p>Elle porte le nom de notre m\u00e8re bien-aim\u00e9e, qui avait une passion pour cette ville et sans qui ce projet n&rsquo;aurait pu \u00eatre men\u00e9. Elle nous a quitt\u00e9s fin 2022 et n&rsquo;aura connu que le d\u00e9but des travaux de r\u00e9novation.<\/p>\t\t\t\t\t\t<\/div>\n\t\t\t\t<\/div>\n\t\t\t\t<div class=\"elementor-element elementor-element-57c7a07 e-transform elementor-widget elementor-widget-image\" data-id=\"57c7a07\" data-element_type=\"widget\" data-settings=\"{&quot;_transform_scale_effect&quot;:{&quot;unit&quot;:&quot;px&quot;,&quot;size&quot;:&quot;&quot;,&quot;sizes&quot;:[]},&quot;_transform_scale_effect_tablet&quot;:{&quot;unit&quot;:&quot;px&quot;,&quot;size&quot;:&quot;&quot;,&quot;sizes&quot;:[]},&quot;_transform_scale_effect_mobile&quot;:{&quot;unit&quot;:&quot;px&quot;,&quot;size&quot;:&quot;&quot;,&quot;sizes&quot;:[]}}\" data-widget_type=\"image.default\">\n\t\t\t\t<div class=\"elementor-widget-container\">\n\t\t\t<style>\/*! elementor - v3.23.0 - 05-08-2024 *\/\n.elementor-widget-image{text-align:center}.elementor-widget-image a{display:inline-block}.elementor-widget-image a img[src$=\".svg\"]{width:48px}.elementor-widget-image img{vertical-align:middle;display:inline-block}<\/style>\t\t\t\t\t\t\t\t\t\t<img fetchpriority=\"high\" decoding=\"async\" width=\"768\" height=\"1024\" src=\"https:\/\/villa-michele.com\/wp-content\/uploads\/2024\/08\/VGJG3412-768x1024.jpg\" class=\"attachment-large size-large wp-image-1300\" alt=\"\" srcset=\"https:\/\/villa-michele.com\/wp-content\/uploads\/2024\/08\/VGJG3412-768x1024.jpg 768w, https:\/\/villa-michele.com\/wp-content\/uploads\/2024\/08\/VGJG3412-225x300.jpg 225w, https:\/\/villa-michele.com\/wp-content\/uploads\/2024\/08\/VGJG3412-1152x1536.jpg 1152w, https:\/\/villa-michele.com\/wp-content\/uploads\/2024\/08\/VGJG3412-1140x1520.jpg 1140w, https:\/\/villa-michele.com\/wp-content\/uploads\/2024\/08\/VGJG3412.jpg 1536w\" sizes=\"(max-width: 768px) 100vw, 768px\" \/>\t\t\t\t\t\t\t\t\t\t\t\t\t<\/div>\n\t\t\t\t<\/div>\n\t\t\t\t<div class=\"elementor-element elementor-element-a5fad65 elementor-widget elementor-widget-text-editor\" data-id=\"a5fad65\" data-element_type=\"widget\" data-widget_type=\"text-editor.default\">\n\t\t\t\t<div class=\"elementor-widget-container\">\n\t\t\t\t\t\t\t<p><img decoding=\"async\" class=\"size-full wp-image-1143 aligncenter\" src=\"https:\/\/villa-michele.com\/wp-content\/uploads\/2024\/08\/flag-icon-en-small.png\" alt=\"\" width=\"64\" height=\"64\" \/><\/p>\n<p>The Villa Michele proposes furnished apartments to rent in the out-of-time Eure river banks and historic center of Chartres.<\/p>\n<p>It was named after our beloved mom, who loved this city so much and without whom this project would have been impossible. She passed away in late 2022 and only saw the beginning of the renewal works.<\/p>\t\t\t\t\t\t<\/div>\n\t\t\t\t<\/div>\n\t\t\t\t\t<\/div>\n\t\t\t\t<\/div>\n\t\t<div class=\"elementor-element elementor-element-4a9ac1d e-grid e-con-boxed wpr-particle-no wpr-jarallax-no wpr-parallax-no wpr-sticky-section-no e-con e-parent\" data-id=\"4a9ac1d\" data-element_type=\"container\">\n\t\t\t\t\t<div class=\"e-con-inner\">\n\t\t\t\t<div class=\"elementor-element elementor-element-2e51cf3 elementor-widget elementor-widget-image\" data-id=\"2e51cf3\" data-element_type=\"widget\" data-widget_type=\"image.default\">\n\t\t\t\t<div class=\"elementor-widget-container\">\n\t\t\t\t\t\t\t\t\t\t\t\t\t<img loading=\"lazy\" decoding=\"async\" width=\"761\" height=\"1024\" src=\"https:\/\/villa-michele.com\/wp-content\/uploads\/2024\/08\/IMG_9676-1-761x1024.jpeg\" class=\"attachment-large size-large wp-image-1119\" alt=\"\" srcset=\"https:\/\/villa-michele.com\/wp-content\/uploads\/2024\/08\/IMG_9676-1-761x1024.jpeg 761w, https:\/\/villa-michele.com\/wp-content\/uploads\/2024\/08\/IMG_9676-1-223x300.jpeg 223w, https:\/\/villa-michele.com\/wp-content\/uploads\/2024\/08\/IMG_9676-1-768x1033.jpeg 768w, https:\/\/villa-michele.com\/wp-content\/uploads\/2024\/08\/IMG_9676-1-1142x1536.jpeg 1142w, https:\/\/villa-michele.com\/wp-content\/uploads\/2024\/08\/IMG_9676-1-1522x2048.jpeg 1522w, https:\/\/villa-michele.com\/wp-content\/uploads\/2024\/08\/IMG_9676-1-1140x1534.jpeg 1140w, https:\/\/villa-michele.com\/wp-content\/uploads\/2024\/08\/IMG_9676-1-scaled.jpeg 1903w\" sizes=\"(max-width: 761px) 100vw, 761px\" \/>\t\t\t\t\t\t\t\t\t\t\t\t\t<\/div>\n\t\t\t\t<\/div>\n\t\t\t\t<div class=\"elementor-element elementor-element-7ec16b6 elementor-widget elementor-widget-image\" data-id=\"7ec16b6\" data-element_type=\"widget\" data-widget_type=\"image.default\">\n\t\t\t\t<div class=\"elementor-widget-container\">\n\t\t\t\t\t\t\t\t\t\t\t\t\t<img loading=\"lazy\" decoding=\"async\" width=\"802\" height=\"1024\" src=\"https:\/\/villa-michele.com\/wp-content\/uploads\/2024\/08\/IMG_6284-1-802x1024.jpg\" class=\"attachment-large size-large wp-image-42\" alt=\"\" srcset=\"https:\/\/villa-michele.com\/wp-content\/uploads\/2024\/08\/IMG_6284-1-802x1024.jpg 802w, https:\/\/villa-michele.com\/wp-content\/uploads\/2024\/08\/IMG_6284-1-235x300.jpg 235w, https:\/\/villa-michele.com\/wp-content\/uploads\/2024\/08\/IMG_6284-1.jpg 1357w\" sizes=\"(max-width: 802px) 100vw, 802px\" \/>\t\t\t\t\t\t\t\t\t\t\t\t\t<\/div>\n\t\t\t\t<\/div>\n\t\t\t\t<div class=\"elementor-element elementor-element-415282b elementor-widget elementor-widget-image\" data-id=\"415282b\" data-element_type=\"widget\" data-widget_type=\"image.default\">\n\t\t\t\t<div class=\"elementor-widget-container\">\n\t\t\t\t\t\t\t\t\t\t\t\t\t<img loading=\"lazy\" decoding=\"async\" width=\"768\" height=\"1024\" src=\"https:\/\/villa-michele.com\/wp-content\/uploads\/2024\/08\/IMG_4384-768x1024.jpg\" class=\"attachment-large size-large wp-image-1101\" alt=\"\" srcset=\"https:\/\/villa-michele.com\/wp-content\/uploads\/2024\/08\/IMG_4384-768x1024.jpg 768w, https:\/\/villa-michele.com\/wp-content\/uploads\/2024\/08\/IMG_4384-225x300.jpg 225w, https:\/\/villa-michele.com\/wp-content\/uploads\/2024\/08\/IMG_4384-1152x1536.jpg 1152w, https:\/\/villa-michele.com\/wp-content\/uploads\/2024\/08\/IMG_4384-1536x2048.jpg 1536w, https:\/\/villa-michele.com\/wp-content\/uploads\/2024\/08\/IMG_4384-1140x1520.jpg 1140w, https:\/\/villa-michele.com\/wp-content\/uploads\/2024\/08\/IMG_4384-scaled.jpg 1920w\" sizes=\"(max-width: 768px) 100vw, 768px\" \/>\t\t\t\t\t\t\t\t\t\t\t\t\t<\/div>\n\t\t\t\t<\/div>\n\t\t\t\t<div class=\"elementor-element elementor-element-1186e72 elementor-widget elementor-widget-text-editor\" data-id=\"1186e72\" data-element_type=\"widget\" data-widget_type=\"text-editor.default\">\n\t\t\t\t<div class=\"elementor-widget-container\">\n\t\t\t\t\t\t\t<p><img decoding=\"async\" class=\"size-full wp-image-1144 aligncenter\" src=\"https:\/\/villa-michele.com\/wp-content\/uploads\/2024\/08\/flag-icon-fr-small.png\" alt=\"\" width=\"64\" height=\"64\" \/><\/p>\n<p>Ville \u00e0 l&rsquo;\u00e9conomie prosp\u00e8re et au patrimoine historique, architectural et culturel mondialement reconnus, Chartres est aussi tr\u00e8s agr\u00e9able \u00e0 vivre avec son centre pi\u00e9ton, tr\u00e8s commer\u00e7ant et anim\u00e9.<\/p>\n<p><img decoding=\"async\" class=\"size-full wp-image-1143 aligncenter\" src=\"https:\/\/villa-michele.com\/wp-content\/uploads\/2024\/08\/flag-icon-en-small.png\" alt=\"\" width=\"64\" height=\"64\" \/><\/p>\n<p>City of prosperous economy and world famous monuments, architecture and art, Chartres is also very agreable to live in with its vibrant pedestrian historic downtown rich in shops and places to go.<\/p>\t\t\t\t\t\t<\/div>\n\t\t\t\t<\/div>\n\t\t\t\t<div class=\"elementor-element elementor-element-6a8316a elementor-widget elementor-widget-text-editor\" data-id=\"6a8316a\" data-element_type=\"widget\" data-widget_type=\"text-editor.default\">\n\t\t\t\t<div class=\"elementor-widget-container\">\n\t\t\t\t\t\t\t<div class=\"wp-block-column\">\n<p><img decoding=\"async\" class=\"size-full wp-image-1144 aligncenter\" src=\"https:\/\/villa-michele.com\/wp-content\/uploads\/2024\/08\/flag-icon-fr-small.png\" alt=\"\" width=\"64\" height=\"64\" \/><\/p>\n<p class=\"has-text-color\">Dans la Petite Venise de Chartres, \u00e0 5 min \u00e0 pied de nombreux commerces, \u00e0 10 min a pied du centre-ville et de la cath\u00e9drale, un petit immeuble de 1805 avec jardin et lavoir ancien sur la rivi\u00e8re.<\/p>\n<p class=\"has-text-color\"><img decoding=\"async\" class=\"size-full wp-image-1143 aligncenter\" src=\"https:\/\/villa-michele.com\/wp-content\/uploads\/2024\/08\/flag-icon-en-small.png\" alt=\"\" width=\"64\" height=\"64\" \/>In Chartres&rsquo;s Little Venice, 5 min walking distance from the closest shops and restaurants, 10 min form the cathedral, a little apartment building from 1805 with a backyard and ancient washhouse on the river.<\/p>\n<!-- \/wp:paragraph --><\/div>\n<p><!-- \/wp:column --><!-- wp:column --><\/p>\n<div class=\"wp-block-column\"><!-- wp:image {\"id\":53,\"sizeSlug\":\"large\",\"linkDestination\":\"none\"} -->\n<figure class=\"wp-block-image size-large\"><\/figure>\n<\/div>\t\t\t\t\t\t<\/div>\n\t\t\t\t<\/div>\n\t\t\t\t<div class=\"elementor-element elementor-element-3b68b0c elementor-widget elementor-widget-text-editor\" data-id=\"3b68b0c\" data-element_type=\"widget\" data-widget_type=\"text-editor.default\">\n\t\t\t\t<div class=\"elementor-widget-container\">\n\t\t\t\t\t\t\t<p><img decoding=\"async\" class=\"size-full wp-image-1144 aligncenter\" src=\"https:\/\/villa-michele.com\/wp-content\/uploads\/2024\/08\/flag-icon-fr-small.png\" alt=\"\" width=\"64\" height=\"64\" \/><\/p>\n<p>Jolis appartements confortables \u00e0 louer \u00e0 la semaine, au mois ou \u00e0 l&rsquo;ann\u00e9e, tous deux r\u00e9nov\u00e9s en 2023 (un studio et un deux-pi\u00e8ces). Possibilit\u00e9 de parking priv\u00e9 en sous-sol \u00e0 proximit\u00e9.<\/p>\n<p><img decoding=\"async\" class=\"size-full wp-image-1143 aligncenter\" src=\"https:\/\/villa-michele.com\/wp-content\/uploads\/2024\/08\/flag-icon-en-small.png\" alt=\"\" width=\"64\" height=\"64\" \/><\/p>\n<p>Nice and comfortable appartments to rent (week \/ mont \/ year), both remodelled in 2023 (a studio and a 2-room apartment) and fully equipped. Private underground parking possible on demand.<\/p>\t\t\t\t\t\t<\/div>\n\t\t\t\t<\/div>\n\t\t\t\t\t<\/div>\n\t\t\t\t<\/div>\n\t\t<div class=\"elementor-element elementor-element-6e8eaff e-flex e-con-boxed wpr-particle-no wpr-jarallax-no wpr-parallax-no wpr-sticky-section-no e-con e-parent\" data-id=\"6e8eaff\" data-element_type=\"container\">\n\t\t\t\t\t<div class=\"e-con-inner\">\n\t\t\t\t<div class=\"elementor-element elementor-element-ab28e31 elementor-widget elementor-widget-video\" data-id=\"ab28e31\" data-element_type=\"widget\" data-settings=\"{&quot;youtube_url&quot;:&quot;https:\\\/\\\/www.youtube.com\\\/watch?v=iWM_sieagEw&quot;,&quot;video_type&quot;:&quot;youtube&quot;,&quot;controls&quot;:&quot;yes&quot;}\" data-widget_type=\"video.default\">\n\t\t\t\t<div class=\"elementor-widget-container\">\n\t\t\t<style>\/*! elementor - v3.23.0 - 05-08-2024 *\/\n.elementor-widget-video .elementor-widget-container{overflow:hidden;transform:translateZ(0)}.elementor-widget-video .elementor-wrapper{aspect-ratio:var(--video-aspect-ratio)}.elementor-widget-video .elementor-wrapper iframe,.elementor-widget-video .elementor-wrapper video{height:100%;width:100%;display:flex;border:none;background-color:#000}@supports not (aspect-ratio:1\/1){.elementor-widget-video .elementor-wrapper{position:relative;overflow:hidden;height:0;padding-bottom:calc(100% \/ var(--video-aspect-ratio))}.elementor-widget-video .elementor-wrapper iframe,.elementor-widget-video .elementor-wrapper video{position:absolute;top:0;right:0;bottom:0;left:0}}.elementor-widget-video .elementor-open-inline .elementor-custom-embed-image-overlay{position:absolute;top:0;right:0;bottom:0;left:0;background-size:cover;background-position:50%}.elementor-widget-video .elementor-custom-embed-image-overlay{cursor:pointer;text-align:center}.elementor-widget-video .elementor-custom-embed-image-overlay:hover .elementor-custom-embed-play i{opacity:1}.elementor-widget-video .elementor-custom-embed-image-overlay img{display:block;width:100%;aspect-ratio:var(--video-aspect-ratio);-o-object-fit:cover;object-fit:cover;-o-object-position:center center;object-position:center center}@supports not (aspect-ratio:1\/1){.elementor-widget-video .elementor-custom-embed-image-overlay{position:relative;overflow:hidden;height:0;padding-bottom:calc(100% \/ var(--video-aspect-ratio))}.elementor-widget-video .elementor-custom-embed-image-overlay img{position:absolute;top:0;right:0;bottom:0;left:0}}.elementor-widget-video .e-hosted-video .elementor-video{-o-object-fit:cover;object-fit:cover}.e-con-inner>.elementor-widget-video,.e-con>.elementor-widget-video{width:var(--container-widget-width);--flex-grow:var(--container-widget-flex-grow)}<\/style>\t\t<div class=\"elementor-wrapper elementor-open-inline\">\n\t\t\t<div class=\"elementor-video\"><\/div>\t\t<\/div>\n\t\t\t\t<\/div>\n\t\t\t\t<\/div>\n\t\t\t\t<div class=\"elementor-element elementor-element-356914c elementor-widget elementor-widget-wp-widget-text\" data-id=\"356914c\" data-element_type=\"widget\" data-widget_type=\"wp-widget-text.default\">\n\t\t\t\t<div class=\"elementor-widget-container\">\n\t\t\t\t\t\t<div class=\"textwidget\"><p>Source: Tourisme &amp; D\u00e9couverte de France<\/p>\n<\/div>\n\t\t\t\t<\/div>\n\t\t\t\t<\/div>\n\t\t\t\t\t<\/div>\n\t\t\t\t<\/div>\n\t\t\t\t<\/div>\n\t\t","protected":false},"excerpt":{"rendered":"<p>La Villa Mich\u00e8le propose des appartements \u00e0 louer meubl\u00e9s dans le cadre hors du temps des bords de l&rsquo;Eure et du centre historique de Chartres. Elle porte le nom de notre m\u00e8re bien-aim\u00e9e, qui avait une passion pour cette ville et sans qui ce projet n&rsquo;aurait pu \u00eatre men\u00e9. Elle nous a quitt\u00e9s fin 2022 et n&rsquo;aura connu que le d\u00e9but des travaux de r\u00e9novation. The Villa Michele proposes furnished apartments to rent in the out-of-time Eure river banks and historic center of Chartres. It was named after our beloved mom, who loved this city so much and without whom this project would have been impossible. She passed away in late 2022 and only saw the beginning of the renewal works. Ville \u00e0 l&rsquo;\u00e9conomie prosp\u00e8re et au patrimoine historique, architectural et culturel mondialement reconnus, Chartres est aussi tr\u00e8s agr\u00e9able \u00e0 vivre avec son centre pi\u00e9ton, tr\u00e8s commer\u00e7ant et anim\u00e9. City of prosperous economy and world famous monuments, architecture and art, Chartres is also very agreable to live in with its vibrant pedestrian historic downtown rich in shops and places to go. Dans la Petite Venise de Chartres, \u00e0 5 min \u00e0 pied de nombreux commerces, \u00e0 10 min a pied du centre-ville et de la cath\u00e9drale, un petit immeuble de 1805 avec jardin et lavoir ancien sur la rivi\u00e8re. In Chartres&rsquo;s Little Venice, 5 min walking distance from the closest shops and restaurants, 10 min form the cathedral, a little apartment building from 1805 with a backyard and ancient washhouse on the river. Jolis appartements confortables \u00e0 louer \u00e0 la semaine, au mois ou \u00e0 l&rsquo;ann\u00e9e, tous deux r\u00e9nov\u00e9s en 2023 (un studio et un deux-pi\u00e8ces). Possibilit\u00e9 de parking priv\u00e9 en sous-sol \u00e0 proximit\u00e9. Nice and comfortable appartments to rent (week \/ mont \/ year), both remodelled in 2023 (a studio and a 2-room apartment) and fully equipped. Private underground parking possible on demand. https:\/\/www.youtube.com\/watch?v=iWM_sieagEw<\/p>\n","protected":false},"author":1,"featured_media":0,"parent":0,"menu_order":0,"comment_status":"closed","ping_status":"closed","template":"","meta":{"footnotes":""},"class_list":["post-8","page","type-page","status-publish","hentry"],"acf":[],"_links":{"self":[{"href":"https:\/\/villa-michele.com\/index.php\/wp-json\/wp\/v2\/pages\/8","targetHints":{"allow":["GET"]}}],"collection":[{"href":"https:\/\/villa-michele.com\/index.php\/wp-json\/wp\/v2\/pages"}],"about":[{"href":"https:\/\/villa-michele.com\/index.php\/wp-json\/wp\/v2\/types\/page"}],"author":[{"embeddable":true,"href":"https:\/\/villa-michele.com\/index.php\/wp-json\/wp\/v2\/users\/1"}],"replies":[{"embeddable":true,"href":"https:\/\/villa-michele.com\/index.php\/wp-json\/wp\/v2\/comments?post=8"}],"version-history":[{"count":30,"href":"https:\/\/villa-michele.com\/index.php\/wp-json\/wp\/v2\/pages\/8\/revisions"}],"predecessor-version":[{"id":1303,"href":"https:\/\/villa-michele.com\/index.php\/wp-json\/wp\/v2\/pages\/8\/revisions\/1303"}],"wp:attachment":[{"href":"https:\/\/villa-michele.com\/index.php\/wp-json\/wp\/v2\/media?parent=8"}],"curies":[{"name":"wp","href":"https:\/\/api.w.org\/{rel}","templated":true}]}}